{"id":2464,"date":"2016-02-03T13:52:21","date_gmt":"2016-02-03T12:52:21","guid":{"rendered":"http:\/\/www.rootszoekers.nl\/GenWeb\/?page_id=2464"},"modified":"2016-09-03T17:15:01","modified_gmt":"2016-09-03T15:15:01","slug":"brief-aan-rudolf","status":"publish","type":"page","link":"https:\/\/www.rootszoekers.nl\/GenWeb\/rootspersona-tree\/diekmann-witte\/diekmann-antonie\/brief-aan-rudolf\/","title":{"rendered":"Brief aan Rudolf"},"content":{"rendered":"<p>K\u00f6ln\/ Keulen 29-11-1944. Antonie, Zr. M.Alacoque, schreef aan haar jongere broer Lieber Rudolf. Deze brief is echter nooit verstuurd.<\/p>\n<h6><img decoding=\"async\" loading=\"lazy\" class=\"size-full wp-image-2466 aligncenter\" src=\"http:\/\/www.rootszoekers.nl\/GenWeb\/wp-content\/uploads\/1.Diekmann.Antoni-aan-rudlof.1944.-2.jpg\" alt=\"1.Diekmann.Antoni-aan-rudlof.1944. 2\" width=\"600\" height=\"435\" srcset=\"https:\/\/www.rootszoekers.nl\/GenWeb\/wp-content\/uploads\/1.Diekmann.Antoni-aan-rudlof.1944.-2.jpg 600w, https:\/\/www.rootszoekers.nl\/GenWeb\/wp-content\/uploads\/1.Diekmann.Antoni-aan-rudlof.1944.-2-300x218.jpg 300w\" sizes=\"(max-width: 600px) 100vw, 600px\" \/><br \/>\nP.S. Met dank aan de heer E.Niermann voor de vertaling. 2-2-2016<br \/>\nDie Schrift ist eigentlich die Kurrentschrift, aber sp\u00e4ter schrieb man in Deutschland die S\u00fctterlinschrift (von etwa 1910-1942), die aber sehr \u00e4hnlich aussieht.<\/h6>\n<p><img decoding=\"async\" loading=\"lazy\" class=\"alignleft wp-image-2467\" src=\"http:\/\/www.rootszoekers.nl\/GenWeb\/wp-content\/uploads\/1.Diekmann.Antoni-aan-rudlof.1944.-3.jpg\" alt=\"1.Diekmann.Antoni-aan-rudlof.1944. 3\" width=\"672\" height=\"260\" srcset=\"https:\/\/www.rootszoekers.nl\/GenWeb\/wp-content\/uploads\/1.Diekmann.Antoni-aan-rudlof.1944.-3.jpg 672w, https:\/\/www.rootszoekers.nl\/GenWeb\/wp-content\/uploads\/1.Diekmann.Antoni-aan-rudlof.1944.-3-300x116.jpg 300w\" sizes=\"(max-width: 672px) 100vw, 672px\" \/><\/p>\n<p>Brief compleet inzien stuur ons even een bericht.<img decoding=\"async\" loading=\"lazy\" class=\"alignleft size-full wp-image-2469\" src=\"http:\/\/www.rootszoekers.nl\/GenWeb\/wp-content\/uploads\/1.rootszoekers.gmail_.png\" alt=\"1.rootszoekers.gmail\" width=\"182\" height=\"21\" \/><\/p>\n<p><a href=\"http:\/\/www.rootszoekers.nl\/GenWeb\/?page_id=2474\"><img decoding=\"async\" loading=\"lazy\" class=\"alignleft size-full wp-image-2450\" src=\"http:\/\/www.rootszoekers.nl\/GenWeb\/wp-content\/uploads\/wordt-vervolgd.jpeg\" alt=\"wordt-vervolgd\" width=\"130\" height=\"18\" \/><\/a><\/p>\n","protected":false},"excerpt":{"rendered":"<p>K\u00f6ln\/ Keulen 29-11-1944. Antonie, Zr. M.Alacoque, schreef aan haar jongere broer Lieber Rudolf. Deze brief is echter nooit verstuurd. P.S. Met dank aan de heer E.Niermann voor de vertaling. 2-2-2016 Die Schrift ist eigentlich die Kurrentschrift, aber sp\u00e4ter schrieb man in Deutschland die S\u00fctterlinschrift (von etwa 1910-1942), die aber sehr \u00e4hnlich aussieht. Brief compleet inzien [&hellip;]<\/p>\n","protected":false},"author":1,"featured_media":0,"parent":1199,"menu_order":0,"comment_status":"closed","ping_status":"closed","template":"","meta":[],"_links":{"self":[{"href":"https:\/\/www.rootszoekers.nl\/GenWeb\/wp-json\/wp\/v2\/pages\/2464"}],"collection":[{"href":"https:\/\/www.rootszoekers.nl\/GenWeb\/wp-json\/wp\/v2\/pages"}],"about":[{"href":"https:\/\/www.rootszoekers.nl\/GenWeb\/wp-json\/wp\/v2\/types\/page"}],"author":[{"embeddable":true,"href":"https:\/\/www.rootszoekers.nl\/GenWeb\/wp-json\/wp\/v2\/users\/1"}],"replies":[{"embeddable":true,"href":"https:\/\/www.rootszoekers.nl\/GenWeb\/wp-json\/wp\/v2\/comments?post=2464"}],"version-history":[{"count":6,"href":"https:\/\/www.rootszoekers.nl\/GenWeb\/wp-json\/wp\/v2\/pages\/2464\/revisions"}],"predecessor-version":[{"id":2665,"href":"https:\/\/www.rootszoekers.nl\/GenWeb\/wp-json\/wp\/v2\/pages\/2464\/revisions\/2665"}],"up":[{"embeddable":true,"href":"https:\/\/www.rootszoekers.nl\/GenWeb\/wp-json\/wp\/v2\/pages\/1199"}],"wp:attachment":[{"href":"https:\/\/www.rootszoekers.nl\/GenWeb\/wp-json\/wp\/v2\/media?parent=2464"}],"curies":[{"name":"wp","href":"https:\/\/api.w.org\/{rel}","templated":true}]}}