{"id":4273,"date":"2019-10-13T00:05:33","date_gmt":"2019-10-12T22:05:33","guid":{"rendered":"http:\/\/www.rootszoekers.nl\/roots\/?page_id=4273"},"modified":"2020-10-21T13:25:02","modified_gmt":"2020-10-21T11:25:02","slug":"kaplice-umgebung","status":"publish","type":"page","link":"https:\/\/www.rootszoekers.nl\/roots\/roots-stedentown\/kaplice-umgebung\/","title":{"rendered":"Kaplice + Umgebung"},"content":{"rendered":"<p><a href=\"https:\/\/mapire.eu\/de\/map\/thirdsurvey25000\/?bbox=1613148.2737994464%2C6227761.338095551%2C1620935.2960559987%2C6230627.726656245&amp;map-list=1&amp;layers=129&amp;fbclid=IwAR3qOTqj9wfUZie7ttATsxGPVsK1nUdzjA1unZcIT0M1PqIG2oIYyzeRQio\" rel=\"attachment wp-att-4275\"><img decoding=\"async\" loading=\"lazy\" class=\"aligncenter size-large wp-image-4275\" src=\"http:\/\/www.rootszoekers.nl\/roots\/wp-content\/uploads\/Map.Kapliz.omgeving-1-1024x558.png\" alt=\"\" width=\"1024\" height=\"558\" srcset=\"https:\/\/www.rootszoekers.nl\/roots\/wp-content\/uploads\/Map.Kapliz.omgeving-1-1024x558.png 1024w, https:\/\/www.rootszoekers.nl\/roots\/wp-content\/uploads\/Map.Kapliz.omgeving-1-300x163.png 300w, https:\/\/www.rootszoekers.nl\/roots\/wp-content\/uploads\/Map.Kapliz.omgeving-1-768x418.png 768w, https:\/\/www.rootszoekers.nl\/roots\/wp-content\/uploads\/Map.Kapliz.omgeving-1-520x283.png 520w, https:\/\/www.rootszoekers.nl\/roots\/wp-content\/uploads\/Map.Kapliz.omgeving-1-740x403.png 740w, https:\/\/www.rootszoekers.nl\/roots\/wp-content\/uploads\/Map.Kapliz.omgeving-1.png 1096w\" sizes=\"(max-width: 1024px) 100vw, 1024px\" \/><\/a><\/p>\n<div id=\"attachment_5001\" style=\"width: 635px\" class=\"wp-caption aligncenter\"><a href=\"https:\/\/inaltenundneuenstaedten.wordpress.com\/category\/orte\/kaplice\/\"><img aria-describedby=\"caption-attachment-5001\" decoding=\"async\" loading=\"lazy\" class=\"wp-image-5001 size-full\" src=\"http:\/\/www.rootszoekers.nl\/roots\/wp-content\/uploads\/kapliceplatz.jpg\" alt=\"\" width=\"625\" height=\"468\" srcset=\"https:\/\/www.rootszoekers.nl\/roots\/wp-content\/uploads\/kapliceplatz.jpg 625w, https:\/\/www.rootszoekers.nl\/roots\/wp-content\/uploads\/kapliceplatz-300x225.jpg 300w, https:\/\/www.rootszoekers.nl\/roots\/wp-content\/uploads\/kapliceplatz-520x389.jpg 520w\" sizes=\"(max-width: 625px) 100vw, 625px\" \/><\/a><p id=\"caption-attachment-5001\" class=\"wp-caption-text\">Kaplice ist eine Bandstadt. Der alte Teil des St\u00e4dtchens im s\u00fcdlichsten S\u00fcdb\u00f6hmen, nahe der \u00f6sterreichischen Grenze, ist nur klein, einige Stra\u00dfe um einen rechteckigen Platz etwas oberhalb eines Bogens des Flusses Mal\u0161e. <a href=\"https:\/\/inaltenundneuenstaedten.wordpress.com\/category\/orte\/kaplice\/\">Mehr. Bron:\u00a0<\/a><\/p><\/div>\n<p><a href=\"https:\/\/inaltenundneuenstaedten.wordpress.com\/category\/orte\/kaplice\/\" rel=\"attachment wp-att-2168\"><img decoding=\"async\" loading=\"lazy\" class=\"aligncenter wp-image-2168 size-full\" src=\"http:\/\/www.rootszoekers.nl\/roots\/wp-content\/uploads\/vervolg.png\" alt=\"\" width=\"200\" height=\"41\" \/><\/a><br \/>\n<a href=\"http:\/\/www.rootszoekers.nl\/roots\/?page_id=3971\"><img decoding=\"async\" loading=\"lazy\" class=\"aligncenter size-full wp-image-4278\" src=\"http:\/\/www.rootszoekers.nl\/roots\/wp-content\/uploads\/Kaplitz-2.png\" alt=\"\" width=\"200\" height=\"99\" \/><\/a><\/p>\n<p>&nbsp;<\/p>\n<div id=\"attachment_3997\" style=\"width: 244px\" class=\"wp-caption alignleft\"><a href=\"http:\/\/www.ikaplice.cz\/kaplitz_36.html\"><img aria-describedby=\"caption-attachment-3997\" decoding=\"async\" loading=\"lazy\" class=\"wp-image-3997\" src=\"http:\/\/www.rootszoekers.nl\/roots\/wp-content\/uploads\/1.Coat_of_arms_of_Kaplice.svgkopie.png\" alt=\"\" width=\"234\" height=\"249\" srcset=\"https:\/\/www.rootszoekers.nl\/roots\/wp-content\/uploads\/1.Coat_of_arms_of_Kaplice.svgkopie.png 350w, https:\/\/www.rootszoekers.nl\/roots\/wp-content\/uploads\/1.Coat_of_arms_of_Kaplice.svgkopie-282x300.png 282w\" sizes=\"(max-width: 234px) 100vw, 234px\" \/><\/a><p id=\"caption-attachment-3997\" class=\"wp-caption-text\">Geschiedenis Kaplitz<\/p><\/div>\n","protected":false},"excerpt":{"rendered":"<p>&nbsp;<\/p>\n","protected":false},"author":1,"featured_media":4276,"parent":13,"menu_order":0,"comment_status":"closed","ping_status":"closed","template":"","meta":[],"_links":{"self":[{"href":"https:\/\/www.rootszoekers.nl\/roots\/wp-json\/wp\/v2\/pages\/4273"}],"collection":[{"href":"https:\/\/www.rootszoekers.nl\/roots\/wp-json\/wp\/v2\/pages"}],"about":[{"href":"https:\/\/www.rootszoekers.nl\/roots\/wp-json\/wp\/v2\/types\/page"}],"author":[{"embeddable":true,"href":"https:\/\/www.rootszoekers.nl\/roots\/wp-json\/wp\/v2\/users\/1"}],"replies":[{"embeddable":true,"href":"https:\/\/www.rootszoekers.nl\/roots\/wp-json\/wp\/v2\/comments?post=4273"}],"version-history":[{"count":7,"href":"https:\/\/www.rootszoekers.nl\/roots\/wp-json\/wp\/v2\/pages\/4273\/revisions"}],"predecessor-version":[{"id":5002,"href":"https:\/\/www.rootszoekers.nl\/roots\/wp-json\/wp\/v2\/pages\/4273\/revisions\/5002"}],"up":[{"embeddable":true,"href":"https:\/\/www.rootszoekers.nl\/roots\/wp-json\/wp\/v2\/pages\/13"}],"wp:featuredmedia":[{"embeddable":true,"href":"https:\/\/www.rootszoekers.nl\/roots\/wp-json\/wp\/v2\/media\/4276"}],"wp:attachment":[{"href":"https:\/\/www.rootszoekers.nl\/roots\/wp-json\/wp\/v2\/media?parent=4273"}],"curies":[{"name":"wp","href":"https:\/\/api.w.org\/{rel}","templated":true}]}}