{"id":5177,"date":"2021-01-17T13:09:38","date_gmt":"2021-01-17T12:09:38","guid":{"rendered":"http:\/\/www.rootszoekers.nl\/roots\/?page_id=5177"},"modified":"2021-01-17T13:35:57","modified_gmt":"2021-01-17T12:35:57","slug":"heinz-taphorn-1941-2021","status":"publish","type":"page","link":"https:\/\/www.rootszoekers.nl\/roots\/kloosterling\/heinz-taphorn-1941-2021\/","title":{"rendered":"Heinrich &#8220;Heinz&#8221; Taphorn 1941-2021"},"content":{"rendered":"<p><a href=\"https:\/\/www.kirche-und-leben.de\/artikel\/wer-ist-heinz-taphorn?type=1991\"><img decoding=\"async\" loading=\"lazy\" class=\"alignnone wp-image-5178 size-large\" src=\"http:\/\/www.rootszoekers.nl\/roots\/wp-content\/uploads\/Schermafbeelding-2021-01-17-om-13.00.45-1024x609.png\" alt=\"\" width=\"1024\" height=\"609\" srcset=\"https:\/\/www.rootszoekers.nl\/roots\/wp-content\/uploads\/Schermafbeelding-2021-01-17-om-13.00.45-1024x609.png 1024w, https:\/\/www.rootszoekers.nl\/roots\/wp-content\/uploads\/Schermafbeelding-2021-01-17-om-13.00.45-300x178.png 300w, https:\/\/www.rootszoekers.nl\/roots\/wp-content\/uploads\/Schermafbeelding-2021-01-17-om-13.00.45-768x457.png 768w, https:\/\/www.rootszoekers.nl\/roots\/wp-content\/uploads\/Schermafbeelding-2021-01-17-om-13.00.45-520x309.png 520w, https:\/\/www.rootszoekers.nl\/roots\/wp-content\/uploads\/Schermafbeelding-2021-01-17-om-13.00.45-740x440.png 740w, https:\/\/www.rootszoekers.nl\/roots\/wp-content\/uploads\/Schermafbeelding-2021-01-17-om-13.00.45.png 1260w\" sizes=\"(max-width: 1024px) 100vw, 1024px\" \/><\/a><\/p>\n<p>Heinrich is een zoon van Heinrich Josef Taphorn &amp; Maria Blomer.Komen uit Dinklage. Zijn oom <a href=\"http:\/\/www.rootszoekers.nl\/roots\/?page_id=2600\">Josef Taphorn<\/a> was ook Priester.<\/p>\n<hr \/>\n<p>Man k\u00f6nnte sagen, seine Berufung wird ihm in die Wiege gelegt. &#8220;Meine Mutter war mit mir schwanger, als sie bei der Priesterweihe meines Onkels war im Dom zu M\u00fcnster. Kardinal von Galen hat ihn geweiht. Das musste ja \u00fcberspringen&#8221;, sagt Heinrich Taphorn, Pfarrer em., der am Donnerstag (14. Januar) seinen 80. Geburtstag feiert. Seit 2018 lebt er in Bakum, geh\u00f6rt dort zum Seelsorgeteam der katholischen Kirchengemeinde St. Johannes Baptist und zelebriert auch Gottesdienste. Am Tag seiner Geburt, wei\u00df der Geistliche aus den Erz\u00e4hlungen seiner Mutter, muss es eisig kalt gewesen sein. Sie habe mit dem Rad \u00fcber zugefrorene Wege zum Dinklager Krankenhaus fahren m\u00fcssen. &#8220;Mein Vater muss wohl immer zu ihr gesagt haben, &#8216;doch, du kannst noch, du kannst noch&#8217;.&#8221; <a href=\"https:\/\/www.om-online.de\/om\/heinrich-taphorn-wird-am-donnerstag-80-jahre-jung-59564\">Bron:<\/a><\/p>\n<p><a href=\"https:\/\/www.om-online.de\/om\/heinrich-taphorn-wird-am-donnerstag-80-jahre-jung-59564\"><img decoding=\"async\" loading=\"lazy\" class=\"alignnone wp-image-5188 size-full\" src=\"http:\/\/www.rootszoekers.nl\/roots\/wp-content\/uploads\/taphorn-heinzheinrich.1941-2021..png\" alt=\"\" width=\"784\" height=\"510\" srcset=\"https:\/\/www.rootszoekers.nl\/roots\/wp-content\/uploads\/taphorn-heinzheinrich.1941-2021..png 784w, https:\/\/www.rootszoekers.nl\/roots\/wp-content\/uploads\/taphorn-heinzheinrich.1941-2021.-300x195.png 300w, https:\/\/www.rootszoekers.nl\/roots\/wp-content\/uploads\/taphorn-heinzheinrich.1941-2021.-768x500.png 768w, https:\/\/www.rootszoekers.nl\/roots\/wp-content\/uploads\/taphorn-heinzheinrich.1941-2021.-520x338.png 520w, https:\/\/www.rootszoekers.nl\/roots\/wp-content\/uploads\/taphorn-heinzheinrich.1941-2021.-740x481.png 740w\" sizes=\"(max-width: 784px) 100vw, 784px\" \/><\/a><\/p>\n<p><img decoding=\"async\" loading=\"lazy\" class=\"alignnone wp-image-5189 size-full\" src=\"http:\/\/www.rootszoekers.nl\/roots\/wp-content\/uploads\/krant.taphorn-heinz.1941-2021.909_n.jpg\" alt=\"\" width=\"720\" height=\"960\" srcset=\"https:\/\/www.rootszoekers.nl\/roots\/wp-content\/uploads\/krant.taphorn-heinz.1941-2021.909_n.jpg 720w, https:\/\/www.rootszoekers.nl\/roots\/wp-content\/uploads\/krant.taphorn-heinz.1941-2021.909_n-225x300.jpg 225w, https:\/\/www.rootszoekers.nl\/roots\/wp-content\/uploads\/krant.taphorn-heinz.1941-2021.909_n-520x693.jpg 520w\" sizes=\"(max-width: 720px) 100vw, 720px\" \/><\/p>\n<p><img decoding=\"async\" loading=\"lazy\" class=\"alignnone wp-image-5190 size-full\" src=\"http:\/\/www.rootszoekers.nl\/roots\/wp-content\/uploads\/taphorn-heinz.1941-2021.stuntebrock01_n.jpg\" alt=\"\" width=\"705\" height=\"321\" srcset=\"https:\/\/www.rootszoekers.nl\/roots\/wp-content\/uploads\/taphorn-heinz.1941-2021.stuntebrock01_n.jpg 705w, https:\/\/www.rootszoekers.nl\/roots\/wp-content\/uploads\/taphorn-heinz.1941-2021.stuntebrock01_n-300x137.jpg 300w, https:\/\/www.rootszoekers.nl\/roots\/wp-content\/uploads\/taphorn-heinz.1941-2021.stuntebrock01_n-520x237.jpg 520w\" sizes=\"(max-width: 705px) 100vw, 705px\" \/><\/p>\n<p><a href=\"http:\/\/www.rootszoekers.nl\/roots\/?p=5173\"><img decoding=\"async\" loading=\"lazy\" class=\"size-full wp-image-2168 aligncenter\" src=\"http:\/\/www.rootszoekers.nl\/roots\/wp-content\/uploads\/vervolg.png\" alt=\"\" width=\"200\" height=\"41\" \/><\/a><\/p>\n","protected":false},"excerpt":{"rendered":"<p>Heinrich is een zoon van Heinrich Josef Taphorn &amp; Maria Blomer.Komen uit Dinklage. Zijn oom Josef Taphorn was ook Priester. Man k\u00f6nnte sagen, seine Berufung wird ihm in die Wiege gelegt. &#8220;Meine Mutter war mit mir schwanger, als sie bei der Priesterweihe meines Onkels war im Dom zu M\u00fcnster. Kardinal von Galen hat ihn geweiht. [&hellip;]<\/p>\n","protected":false},"author":1,"featured_media":5183,"parent":175,"menu_order":0,"comment_status":"closed","ping_status":"closed","template":"","meta":[],"_links":{"self":[{"href":"https:\/\/www.rootszoekers.nl\/roots\/wp-json\/wp\/v2\/pages\/5177"}],"collection":[{"href":"https:\/\/www.rootszoekers.nl\/roots\/wp-json\/wp\/v2\/pages"}],"about":[{"href":"https:\/\/www.rootszoekers.nl\/roots\/wp-json\/wp\/v2\/types\/page"}],"author":[{"embeddable":true,"href":"https:\/\/www.rootszoekers.nl\/roots\/wp-json\/wp\/v2\/users\/1"}],"replies":[{"embeddable":true,"href":"https:\/\/www.rootszoekers.nl\/roots\/wp-json\/wp\/v2\/comments?post=5177"}],"version-history":[{"count":6,"href":"https:\/\/www.rootszoekers.nl\/roots\/wp-json\/wp\/v2\/pages\/5177\/revisions"}],"predecessor-version":[{"id":5191,"href":"https:\/\/www.rootszoekers.nl\/roots\/wp-json\/wp\/v2\/pages\/5177\/revisions\/5191"}],"up":[{"embeddable":true,"href":"https:\/\/www.rootszoekers.nl\/roots\/wp-json\/wp\/v2\/pages\/175"}],"wp:featuredmedia":[{"embeddable":true,"href":"https:\/\/www.rootszoekers.nl\/roots\/wp-json\/wp\/v2\/media\/5183"}],"wp:attachment":[{"href":"https:\/\/www.rootszoekers.nl\/roots\/wp-json\/wp\/v2\/media?parent=5177"}],"curies":[{"name":"wp","href":"https:\/\/api.w.org\/{rel}","templated":true}]}}